{"id":4625,"date":"2024-07-22T17:03:32","date_gmt":"2024-07-22T15:03:32","guid":{"rendered":"https:\/\/artes5.it\/?page_id=4625"},"modified":"2024-10-25T23:11:35","modified_gmt":"2024-10-25T21:11:35","slug":"intelligenza-artificiale","status":"publish","type":"page","link":"https:\/\/artes5.it\/it\/le-nostre-soluzioni\/intelligenza-artificiale\/","title":{"rendered":"Intelligenza artificiale"},"content":{"rendered":"<p>L\u2019intelligenza artificiale (AI) \u00e8 un ambito focale per la trasformazione digitale delle PMI e delle OSP e apre implicazioni etiche insieme a opportunit\u00e0 di crescita e modernizzazione per le PMI e i cittadini.<br \/>\nTutti i servizi e le attivit\u00e0 di ARTES 5.0 che coinvolgono l\u2019AI sono accompagnati da azioni di supporto volte a garantire i pi\u00f9 elevati standard etici, il rispetto della normativa applicabile e il riflesso dei principi dell\u2019approccio europeo all\u2019IA. Uno degli obiettivi dell\u2019offerta di servizi ARTES 5.0 \u00e8 contribuire alla realizzazione di soluzioni di IA incentrate sull\u2019uomo e affidabili, potenziando la capacit\u00e0 industriale e i servizi delle pubbliche amministrazioni in un quadro sicuro, trasparente e incentrato sull\u2019uomo.<br \/>\nARTES 5.0 fornisce strutture di test sull&#8217;intelligenza artificiale, iniziative di co-progettazione e innovazione aperta per l&#8217;implementazione di applicazioni basate sull&#8217;intelligenza artificiale in diversi settori economici e nei contesti pubblici. A questo punto di vista tecnologico si affianca l\u2019offerta di capacit\u00e0, conoscenze e modelli per preparare, monitorare e validare l\u2019implementazione etica delle soluzioni di intelligenza artificiale.<\/p>\n","protected":false},"excerpt":{"rendered":"<p>L\u2019intelligenza artificiale (AI) \u00e8 un ambito focale per la trasformazione digitale delle PMI e delle OSP e apre implicazioni etiche insieme a opportunit\u00e0 di crescita e modernizzazione per le PMI e i cittadini. Tutti i servizi e le attivit\u00e0 di ARTES 5.0 che coinvolgono l\u2019AI sono accompagnati da azioni di supporto volte a garantire i [&hellip;]<\/p>\n","protected":false},"author":1,"featured_media":0,"parent":4607,"menu_order":0,"comment_status":"closed","ping_status":"closed","template":"soluzioni-inside.php","meta":{"_acf_changed":false,"footnotes":""},"class_list":["post-4625","page","type-page","status-publish","hentry"],"acf":[],"yoast_head":"<!-- This site is optimized with the Yoast SEO plugin v23.0 - https:\/\/yoast.com\/wordpress\/plugins\/seo\/ -->\n<title>Intelligenza artificiale - Artes 5<\/title>\n<meta name=\"robots\" content=\"noindex, follow, max-snippet:-1, max-image-preview:large, max-video-preview:-1\" \/>\n<meta property=\"og:locale\" content=\"it_IT\" \/>\n<meta property=\"og:type\" content=\"article\" \/>\n<meta property=\"og:title\" content=\"Intelligenza artificiale - Artes 5\" \/>\n<meta property=\"og:description\" content=\"L\u2019intelligenza artificiale (AI) \u00e8 un ambito focale per la trasformazione digitale delle PMI e delle OSP e apre implicazioni etiche insieme a opportunit\u00e0 di crescita e modernizzazione per le PMI e i cittadini. Tutti i servizi e le attivit\u00e0 di ARTES 5.0 che coinvolgono l\u2019AI sono accompagnati da azioni di supporto volte a garantire i [&hellip;]\" \/>\n<meta property=\"og:url\" content=\"https:\/\/artes5.it\/it\/le-nostre-soluzioni\/intelligenza-artificiale\/\" \/>\n<meta property=\"og:site_name\" content=\"Artes 5\" \/>\n<meta property=\"article:modified_time\" content=\"2024-10-25T21:11:35+00:00\" \/>\n<meta name=\"twitter:card\" content=\"summary_large_image\" \/>\n<meta name=\"twitter:label1\" content=\"Tempo di lettura stimato\" \/>\n\t<meta name=\"twitter:data1\" content=\"2 minuti\" \/>\n<script type=\"application\/ld+json\" class=\"yoast-schema-graph\">{\"@context\":\"https:\/\/schema.org\",\"@graph\":[{\"@type\":\"WebPage\",\"@id\":\"https:\/\/artes5.it\/it\/le-nostre-soluzioni\/intelligenza-artificiale\/\",\"url\":\"https:\/\/artes5.it\/it\/le-nostre-soluzioni\/intelligenza-artificiale\/\",\"name\":\"Intelligenza artificiale - Artes 5\",\"isPartOf\":{\"@id\":\"https:\/\/artes5.it\/it\/#website\"},\"datePublished\":\"2024-07-22T15:03:32+00:00\",\"dateModified\":\"2024-10-25T21:11:35+00:00\",\"breadcrumb\":{\"@id\":\"https:\/\/artes5.it\/it\/le-nostre-soluzioni\/intelligenza-artificiale\/#breadcrumb\"},\"inLanguage\":\"it-IT\",\"potentialAction\":[{\"@type\":\"ReadAction\",\"target\":[\"https:\/\/artes5.it\/it\/le-nostre-soluzioni\/intelligenza-artificiale\/\"]}]},{\"@type\":\"BreadcrumbList\",\"@id\":\"https:\/\/artes5.it\/it\/le-nostre-soluzioni\/intelligenza-artificiale\/#breadcrumb\",\"itemListElement\":[{\"@type\":\"ListItem\",\"position\":1,\"name\":\"Home\",\"item\":\"https:\/\/artes5.it\/it\/\"},{\"@type\":\"ListItem\",\"position\":2,\"name\":\"Le nostre soluzioni\",\"item\":\"https:\/\/artes5.it\/it\/le-nostre-soluzioni\/\"},{\"@type\":\"ListItem\",\"position\":3,\"name\":\"Intelligenza artificiale\"}]},{\"@type\":\"WebSite\",\"@id\":\"https:\/\/artes5.it\/it\/#website\",\"url\":\"https:\/\/artes5.it\/it\/\",\"name\":\"Artes 5\",\"description\":\"\",\"potentialAction\":[{\"@type\":\"SearchAction\",\"target\":{\"@type\":\"EntryPoint\",\"urlTemplate\":\"https:\/\/artes5.it\/it\/?s={search_term_string}\"},\"query-input\":\"required name=search_term_string\"}],\"inLanguage\":\"it-IT\"}]}<\/script>\n<!-- \/ Yoast SEO plugin. -->","yoast_head_json":{"title":"Intelligenza artificiale - Artes 5","robots":{"index":"noindex","follow":"follow","max-snippet":"max-snippet:-1","max-image-preview":"max-image-preview:large","max-video-preview":"max-video-preview:-1"},"og_locale":"it_IT","og_type":"article","og_title":"Intelligenza artificiale - Artes 5","og_description":"L\u2019intelligenza artificiale (AI) \u00e8 un ambito focale per la trasformazione digitale delle PMI e delle OSP e apre implicazioni etiche insieme a opportunit\u00e0 di crescita e modernizzazione per le PMI e i cittadini. Tutti i servizi e le attivit\u00e0 di ARTES 5.0 che coinvolgono l\u2019AI sono accompagnati da azioni di supporto volte a garantire i [&hellip;]","og_url":"https:\/\/artes5.it\/it\/le-nostre-soluzioni\/intelligenza-artificiale\/","og_site_name":"Artes 5","article_modified_time":"2024-10-25T21:11:35+00:00","twitter_card":"summary_large_image","twitter_misc":{"Tempo di lettura stimato":"2 minuti"},"schema":{"@context":"https:\/\/schema.org","@graph":[{"@type":"WebPage","@id":"https:\/\/artes5.it\/it\/le-nostre-soluzioni\/intelligenza-artificiale\/","url":"https:\/\/artes5.it\/it\/le-nostre-soluzioni\/intelligenza-artificiale\/","name":"Intelligenza artificiale - Artes 5","isPartOf":{"@id":"https:\/\/artes5.it\/it\/#website"},"datePublished":"2024-07-22T15:03:32+00:00","dateModified":"2024-10-25T21:11:35+00:00","breadcrumb":{"@id":"https:\/\/artes5.it\/it\/le-nostre-soluzioni\/intelligenza-artificiale\/#breadcrumb"},"inLanguage":"it-IT","potentialAction":[{"@type":"ReadAction","target":["https:\/\/artes5.it\/it\/le-nostre-soluzioni\/intelligenza-artificiale\/"]}]},{"@type":"BreadcrumbList","@id":"https:\/\/artes5.it\/it\/le-nostre-soluzioni\/intelligenza-artificiale\/#breadcrumb","itemListElement":[{"@type":"ListItem","position":1,"name":"Home","item":"https:\/\/artes5.it\/it\/"},{"@type":"ListItem","position":2,"name":"Le nostre soluzioni","item":"https:\/\/artes5.it\/it\/le-nostre-soluzioni\/"},{"@type":"ListItem","position":3,"name":"Intelligenza artificiale"}]},{"@type":"WebSite","@id":"https:\/\/artes5.it\/it\/#website","url":"https:\/\/artes5.it\/it\/","name":"Artes 5","description":"","potentialAction":[{"@type":"SearchAction","target":{"@type":"EntryPoint","urlTemplate":"https:\/\/artes5.it\/it\/?s={search_term_string}"},"query-input":"required name=search_term_string"}],"inLanguage":"it-IT"}]}},"_links":{"self":[{"href":"https:\/\/artes5.it\/it\/wp-json\/wp\/v2\/pages\/4625","targetHints":{"allow":["GET"]}}],"collection":[{"href":"https:\/\/artes5.it\/it\/wp-json\/wp\/v2\/pages"}],"about":[{"href":"https:\/\/artes5.it\/it\/wp-json\/wp\/v2\/types\/page"}],"author":[{"embeddable":true,"href":"https:\/\/artes5.it\/it\/wp-json\/wp\/v2\/users\/1"}],"replies":[{"embeddable":true,"href":"https:\/\/artes5.it\/it\/wp-json\/wp\/v2\/comments?post=4625"}],"version-history":[{"count":10,"href":"https:\/\/artes5.it\/it\/wp-json\/wp\/v2\/pages\/4625\/revisions"}],"predecessor-version":[{"id":5200,"href":"https:\/\/artes5.it\/it\/wp-json\/wp\/v2\/pages\/4625\/revisions\/5200"}],"up":[{"embeddable":true,"href":"https:\/\/artes5.it\/it\/wp-json\/wp\/v2\/pages\/4607"}],"wp:attachment":[{"href":"https:\/\/artes5.it\/it\/wp-json\/wp\/v2\/media?parent=4625"}],"curies":[{"name":"wp","href":"https:\/\/api.w.org\/{rel}","templated":true}]}}