{"id":3,"date":"2024-01-10T17:38:34","date_gmt":"2024-01-10T16:38:34","guid":{"rendered":"https:\/\/artes5.it\/?page_id=3"},"modified":"2024-08-30T13:54:09","modified_gmt":"2024-08-30T11:54:09","slug":"privacy-policy","status":"publish","type":"page","link":"https:\/\/artes5.it\/it\/privacy-policy\/","title":{"rendered":"Privacy Policy"},"content":{"rendered":"<div id=\"p_p_id_com_liferay_journal_content_web_portlet_JournalContentPortlet_INSTANCE_qJpEaLUCskxF_\" class=\"portlet-boundary portlet-boundary_com_liferay_journal_content_web_portlet_JournalContentPortlet_ portlet-static portlet-static-end decorate portlet-journal-content \">\n<section id=\"portlet_com_liferay_journal_content_web_portlet_JournalContentPortlet_INSTANCE_qJpEaLUCskxF\" class=\"portlet\">\n<div class=\"portlet-content\">\n<div class=\" portlet-content-container\">\n<div class=\"portlet-body\">\n<div class=\"\" data-fragments-editor-item-id=\"27601-49283\" data-fragments-editor-item-type=\"fragments-editor-mapped-item\">\n<div class=\"journal-content-article \" data-analytics-asset-id=\"49281\" data-analytics-asset-title=\"Privacy Policy articolo\" data-analytics-asset-type=\"web-content\">\n<div class=\"\">\n<p>Gentile Utente,<\/p>\n<p>la presente informativa descrive, ai sensi e per gli effetti dell\u2019art. 13 del Regolamento UE 2016\/679 (General Data Protection Regulation, di seguito GDPR), le modalit\u00e0 con cui ARTES 4.0 \u2013 nella qualit\u00e0 di Titolare del trattamento \u2013 tratta i dati forniti dall\u2019Utente mediante il sito web www.artes4.it.<\/p>\n<p>Il trattamento dei dati personali sar\u00e0 improntato al rispetto dei principi di liceit\u00e0, trasparenza, correttezza e di tutela della riservatezza e dei diritti dell\u2019Utente, sempre in conformit\u00e0 alla normativa nazionale ed europea attualmente in vigore.<\/p>\n<p><strong>Titolare del trattamento<\/strong><\/p>\n<p>Ai sensi degli articoli 4 e 24 del GDPR, il Titolare del trattamento \u00e8 ARTES 4.0 Advanced Robotics and enabling digital TEchnologies &amp; Systems 4.0, Viale Rinaldo Piaggio, 34 \u2013 56025 Pontedera (PI), p. IVA 02333680508, contattabile all\u2019indirizzo di posta elettronica\u00a0<a href=\"mailto:privacy@artes4.it\">privacy@artes4.it<\/a><\/p>\n<p><strong>Tipologia di dati raccolti<\/strong><\/p>\n<p>I dati personali oggetto di trattamento sono quelli forniti dall\u2019Utente e quelli che, eventualmente, saranno acquisiti nel corso dei rapporti intercorrenti tra ARTES 4.0 e lo stesso Utente.<\/p>\n<p>Nello specifico, i dati trattati attraverso il sito web sono i seguenti:<\/p>\n<ol>\n<li>dati di navigazione. I sistemi informatici e le procedure software preposte al funzionamento di questo sito web potrebbero acquisire, nel corso del loro normale esercizio, alcuni dati la cui trasmissione \u00e8 implicita nell\u2019uso dei protocolli di comunicazione di Internet. In questa categoria di dati potrebbero rientrare gli indirizzi IP o i nomi a dominio dei computer utilizzati dagli utenti che si connettono al sito, gli indirizzi in notazione URI (Uniform Resource Identifier) delle risorse richieste, l\u2019orario della richiesta, il metodo utilizzato nel sottoporre la richiesta al server, la dimensione del file ottenuto in risposta, il codice numerico indicante lo stato della risposta data al server (buon fine, errore, ecc.) ed altri parametri relativi al sistema operativo e all\u2019ambiente informatico dell\u2019Utente. Tali dati vengono utilizzati al solo fine di ricevere informazioni statistiche anonime sull\u2019uso del sito e per controllarne il corretto funzionamento e vengono cancellati immediatamente dopo l\u2019elaborazione;<\/li>\n<li><a name=\"_Hlk42523669\"><\/a>dati personali forniti dall\u2019Utente attraverso la sezione \u201cContattaci\u201d. Attraverso l\u2019apposito form vengono acquisiti: nome, cognome, e-mail, azienda di appartenenza, settore industriale e tipologia della stessa, ruolo aziendale ricoperto e qualsiasi altro dato che l\u2019Utente inserisca nella sezione \u201crichiesta\u201d. Tali dati sono utilizzati esclusivamente al fine di dare corso alle istanze dell\u2019Utente;<\/li>\n<li>dati personali raccolti a seguito di invio da parte dell\u2019Utente di missiva tramite posta elettronica agli indirizzi e-mail indicati sul sito al fine di ricevere informazioni, ovvero richiedere uno specifico servizio. In questo caso si ha l\u2019acquisizione dell\u2019indirizzo del mittente, necessario per rispondere alla richiesta, nonch\u00e9 degli eventuali altri dati personali inseriti nella missiva. Tali dati sono utilizzati esclusivamente al fine di dare corso alle richieste dell\u2019Utente;<\/li>\n<li>dati personali forniti dall\u2019Utente nella sezione \u201cBandi\u201d all\u2019interno dell\u2019area \u201cScarica il bando e partecipa\u201d. Attraverso l\u2019apposito form vengono acquisiti: nome, cognome, e-mail. Tali dati sono utilizzati esclusivamente al fine di dare corso alle richieste dell\u2019Utente;<\/li>\n<li>dati personali forniti dall\u2019Utente nella sezione \u201cBandi\u201d all\u2019interno dell\u2019area \u201cAccedi al portale per presentare il tuo progetto\u201d. Il Portale Retecompetencecenter4-0-Italia fornito da CINECA Consorzio Interuniversitario, con sede in Via Magnanelli 6\/3 \u2013 4033 Casalecchio di Reno (BO), permette la creazione di un account per la gestione delle proprie domande di partecipazione. Per maggiori informazioni invitiamo a consultare l\u2019Informativa privacy di CINECA, disponibile all\u2019interno del Portale. Tutte le informazioni inserite dall\u2019Utente nelle domande di partecipazione ai bandi ARTES 4.0, comprensive di dati personali comuni, particolari e giudiziari, sono trattate per lo svolgimento di attivit\u00e0 a soli fini statutari e nell\u2019interesse del soggetto che richiede la partecipazione;<\/li>\n<li>dati personali, anche \u201cparticolari\u201d, contenuti nelle candidature inviate tramite PEC, in risposta ai bandi per la selezione del personale pubblicati sul sito nell\u2019apposita sezione \u201cLavora con noi\u201d o in generale nei CV che dovessero pervenire agli indirizzi e-mail presenti sul sito. In tal caso, il Titolare \u2013 in conformit\u00e0 con i provvedimenti e le linee guida del Garante \u2013 fornir\u00e0 l\u2019informativa sul trattamento dei dati personali al momento del primo contatto utile con il candidato;<\/li>\n<li>dati personali forniti dall\u2019Utente all\u2019interno del \u201cBlog\u201d nella sezione \u201cCommenti\u201d. Potranno essere acquisiti nome, cognome, e-mail e qualsiasi altro dato personale che l\u2019Utente inserisca nello spazio dedicato al proprio commento;<a name=\"_Hlk41658353\"><\/a><\/li>\n<li>dati personali forniti dall\u2019Utente all\u2019interno del \u201cBlog\u201d per l\u2019iscrizione alla Newsletter. Saranno acquisiti nome, cognome ed e-mail mediante la compilazione dell\u2019apposito form;<\/li>\n<li>dati personali forniti dall\u2019Utente per la partecipazione ai Webinar e Corsi di Formazione promossi da Artes 4.0. Attraverso gli appositi form potranno essere acquisiti: nome, cognome, data di nascita, codice fiscale, indirizzo di residenza, e-mail, azienda di appartenenza e ruolo aziendale.<br \/>\nNel caso sia previsto un corrispettivo, verranno, alters\u00ec, raccolti i dati relativi ai pagamenti effettuati.<\/li>\n<\/ol>\n<p><strong>Finalit\u00e0 e base giuridica del trattamento<\/strong><\/p>\n<p>I dati forniti saranno oggetto di trattamento nel rispetto delle condizioni di liceit\u00e0 ex art. 6 del GDPR per le seguenti finalit\u00e0:<\/p>\n<ol>\n<li>dare esecuzione alle richieste dell\u2019Utente e rispondere alle domande formulate dallo stesso. In questo caso, il trattamento dei dati raccolti e archiviati ha come base giuridica l\u2019interesse legittimo del Titolare (art. 6, lettera f del GDPR) ad essere pi\u00f9 efficiente, a dare informazioni sui servizi offerti, nonch\u00e9 a migliorare e sviluppare nuovi prodotti e servizi, anche tramite l\u2019invio di comunicazioni afferenti a beni e servizi gi\u00e0 usufruiti o analoghi a quelli gi\u00e0 usufruiti dall\u2019Utente (c.d. soft spam);<\/li>\n<li>dare esecuzione a tutte le misure contrattuali e precontrattuali adottate su richiesta dell\u2019Utente interessato, nonch\u00e9 a tutte le esigenze operative e gestionali correlate. La base giuridica in tal caso \u00e8 rappresentata dalla necessit\u00e0 di dar corso al contratto o alle procedure concorsuali di cui l\u2019Utente interessato \u00e8 parte o dare esecuzione a misure precontrattuali (art. 6, lettera b del GDPR);<\/li>\n<li>ottemperare agli obblighi di legge cui \u00e8 soggetto il Titolare del trattamento. In tale ultimo caso, la base giuridica \u00e8 rappresentata dalla necessit\u00e0 di adempiere ad obblighi di legge che impongono al Titolare la raccolta e\/o l\u2019ulteriore elaborazione di determinati tipi di dati personali (art. 6, lettera c del GDPR);<\/li>\n<li>il trattamento dei dati contenuti nei CV ricevuti \u00e8 lecito in quanto necessario per dare esecuzione a misure precontrattuali (art. 6, lettera b del GDPR) adottate su richiesta dell\u2019interessato. Il trattamento di dati \u201cparticolari\u201d \u00e8 lecito sulla base del Provvedimento del Garante del 5 giugno 2019, recante \u201cPrescrizioni relative al trattamento di categorie particolari di dati, ai sensi dell\u2019articolo 21, comma 1 del decreto legislativo 10 agosto 2018, n. 101\u201d, \u00a0che integra e modifica l\u2019Autorizzazione Generale n. 1\/2016;<\/li>\n<li>dietro espresso consenso dell\u2019Utente (art. 6, lett. a del GDPR), fornire aggiornamenti e informazioni sui servizi e le attivit\u00e0 promossi da ARTES 4.0.<\/li>\n<\/ol>\n<p>&nbsp;<\/p>\n<p><strong>Natura del conferimento dei dati<\/strong><\/p>\n<p>Fatta eccezione per i dati di navigazione, necessari per dar corso ai protocolli informatici e telematici, il conferimento dei dati personali da parte degli Utenti \u00e8 libero e facoltativo. Tuttavia, con specifico riguardo al conferimento di dati personali contrassegnati da asterisco (*) il mancato conferimento degli stessi comporter\u00e0 l\u2019impossibilit\u00e0 per l\u2019Utente di inviare la richiesta e\/o usufruire del servizio desiderato. Il conferimento di ulteriori dati \u00e8, invece, puramente facoltativo.<\/p>\n<p><strong>Luogo del trattamento<\/strong><\/p>\n<p>I dati sono trattati presso la sede del Titolare e in ogni altro luogo in cui le parti coinvolte nel trattamento siano localizzate, nonch\u00e9 presso i server ospitanti, sotto la responsabilit\u00e0 dei fornitori di banda e dominio. Per ulteriori informazioni, contattare il Titolare.<\/p>\n<p><strong>Modalit\u00e0 del trattamento<\/strong><\/p>\n<p>Il Titolare esegue i trattamenti necessari tramite soggetti interni appositamente autorizzati al trattamento dei dati. Il trattamento dei dati avviene sia con l\u2019utilizzo di supporti cartacei, sia attraverso l\u2019impiego di strumenti elettronici ed informatici, ma in ogni caso mediante strumenti e procedure idonei a garantire la sicurezza e la riservatezza, con modalit\u00e0 organizzative e con logiche strettamente correlate con le finalit\u00e0 indicate.\u00a0Il Titolare tratta i dati personali in conformit\u00e0 alle disposizioni vigenti in tema di sicurezza al fine di ridurre al minimo i rischi di distruzione e perdita, anche accidentale, dei dati, di accesso non autorizzato, di trattamento non consentito o non conforme alle finalit\u00e0 di raccolta e di uso illecito o non corretto dei dati.<\/p>\n<p><strong>Conservazione dei dati<\/strong><\/p>\n<p>I dati vengono e\/o verranno trattati per il tempo strettamente necessario all\u2019esecuzione delle richieste dell\u2019Utente o \u2013 in generale \u2013 al raggiungimento della finalit\u00e0 per cui sono stati raccolti.\u00a0 Verranno, inoltre, conservati per tutta la durata del rapporto commerciale, contrattuale ed anche successivamente per l\u2019espletamento di obblighi di legge e\/o per finalit\u00e0 amministrative, commerciali, fiscali. I dati raccolti per finalit\u00e0 di promozione verranno conservati per un tempo massimo di 24 mesi. In ogni caso, l\u2019Utente potr\u00e0 sempre chiedere l\u2019interruzione del trattamento o la cancellazione dei dati.<\/p>\n<p>&nbsp;<\/p>\n<p><strong>Comunicazione e diffusione<\/strong><\/p>\n<p>I dati dell\u2019Utente non verranno diffusi ma potranno essere comunicati e\/o messi a disposizione dei seguenti soggetti:<\/p>\n<ol>\n<li>amministrazioni pubbliche e\/o enti privati appartenenti alla rete ARTES 4.0 (Soci e Partner) in esecuzione delle richieste avanzate dall\u2019Utente o per finalit\u00e0 istituzionali;<\/li>\n<li>soggetti che hanno facolt\u00e0 di accedere ai dati in forza di disposizioni di legge, di regolamento o di normativa europea, nei limiti e per le finalit\u00e0 previste da tali norme;<\/li>\n<li>societ\u00e0 o terzi soggetti fornitori di servizi in outsourcing, in qualit\u00e0 di titolari autonomi, contitolari o responsabili del trattamento debitamente nominati.<\/li>\n<\/ol>\n<p><strong>Trasferimento dei dati<\/strong><\/p>\n<p>La gestione e la conservazione dei dati personali raccolti da ARTES 4.0 avviene su server ubicati nell\u2019Unione Europea. L\u2019Utente \u00e8 informato che i suoi dati personali non saranno trasferiti all\u2019estero verso Paesi extra UE. Nel caso ci\u00f2 fosse necessario per fornire all\u2019Utente i servizi o per concludere un contratto, assicuriamo che il trasferimento sar\u00e0 eseguito nel rispetto degli articoli 44 e seguenti del Regolamento UE 679\/2016 (GDPR).<\/p>\n<p>&nbsp;<\/p>\n<p><strong>Diritti dell\u2019Utente<\/strong><\/p>\n<p>Ai sensi degli articoli 15 e seguenti del Regolamento UE 679\/2016, l\u2019Utente \u2013 con riferimento ai dati trattati dal Titolare \u2013 ha il diritto di:<\/p>\n<ol>\n<li>revocare in ogni momento il consenso al trattamento dei propri dati precedentemente espresso;<\/li>\n<li>accedere ai dati trattati dal Titolare, ottenere informazioni su determinati aspetti del trattamento e ricevere una copia dei dati trattati (articolo 15 del GDPR, diritto di accesso);<\/li>\n<li>verificare la correttezza dei propri dati e richiederne l\u2019aggiornamento o la rettificazione (articolo 16 del GDPR, diritto di rettifica);<\/li>\n<li>ottenere la cancellazione o la rimozione dei propri dati personali da parte del Titolare (articolo 17 del GDPR, diritto alla cancellazione);<\/li>\n<li>ottenere la limitazione del trattamento dei propri dati, quando ricorrono determinate condizioni (articolo 18 del GDPR, diritto alla limitazione del trattamento);<\/li>\n<li>ricevere i propri dati in formato strutturato, di uso comune e leggibile da dispositivo automatico e, ove tecnicamente fattibile, di ottenerne il trasferimento senza ostacoli ad un altro Titolare (articolo 20 del GDPR, diritto alla portabilit\u00e0);<\/li>\n<li>opporsi al trattamento dei propri dati quando esso avviene su una base giuridica diversa dal consenso (articolo 21 del GDPR, diritto di opposizione);<\/li>\n<li>proporre reclamo al Garante per la protezione dei dati personali (<a href=\"https:\/\/www.garanteprivacy.it\/\">https:\/\/www.garanteprivacy.it\/<\/a>) o agire in sede giudiziale qualora ritenga che il trattamento dei Suoi dati personali sia contrario alla normativa in vigore.<\/li>\n<\/ol>\n<p>Per esercitare i suddetti diritti l\u2019Utente pu\u00f2 inviare una richiesta all\u2019indirizzo di posta elettronica\u00a0\u00a0<a href=\"mailto:privacy@artes4.it\">privacy@artes4.it<\/a><\/p>\n<p>&nbsp;<\/p>\n<p>&nbsp;<\/p>\n<p>Cookie Policy<\/p>\n<p>Questo sito web fa utilizzo di Cookie. Per saperne di pi\u00f9 e per prendere visione dell\u2019informativa dettagliata, si invita a consultare la Cookie Policy.<\/p>\n<p>Aggiornamenti e modifiche a questa Privacy Policy<\/p>\n<p>La presente informativa \u00e8 un documento in costante aggiornamento: il Titolare del trattamento si riserva il diritto di apportare modifiche in qualunque momento, anche in considerazione della modifica delle norme di legge o di regolamento che disciplinano questa materia e proteggono i diritti dell\u2019Utente. Le modifiche si applicheranno a far data dalla pubblicazione sul sito web. L\u2019Utente \u00e8, pertanto, invitato a consultare la presente sezione regolarmente per verificare la pubblicazione della pi\u00f9 aggiornata Privacy Policy.<\/p>\n<\/div>\n<\/div>\n<\/div>\n<\/div>\n<\/div>\n<\/div>\n<\/section>\n<\/div>\n<div id=\"p_p_id_com_liferay_journal_content_web_portlet_JournalContentPortlet_INSTANCE_YkEhCfd4A9oc_\" class=\"portlet-boundary portlet-boundary_com_liferay_journal_content_web_portlet_JournalContentPortlet_ portlet-static portlet-static-end decorate portlet-journal-content \">\n<section id=\"portlet_com_liferay_journal_content_web_portlet_JournalContentPortlet_INSTANCE_YkEhCfd4A9oc\" class=\"portlet\">\n<div class=\"portlet-content\">\n<div class=\"autofit-float autofit-row portlet-header\">\n<div class=\"autofit-col autofit-col-end\">\n<div class=\"autofit-section\">\n<div class=\"visible-interaction\"><\/div>\n<\/div>\n<\/div>\n<\/div>\n<div class=\" portlet-content-container\">\n<div class=\"portlet-body\">\n<div class=\"\" data-fragments-editor-item-id=\"27601-58616\" data-fragments-editor-item-type=\"fragments-editor-mapped-item\">\n<div class=\"journal-content-article \" data-analytics-asset-id=\"58614\" data-analytics-asset-title=\"Banner di test\" data-analytics-asset-type=\"web-content\">\n<div class=\"banner d-flex justify-content-center\"><\/div>\n<\/div>\n<\/div>\n<\/div>\n<\/div>\n<\/div>\n<\/section>\n<\/div>\n","protected":false},"excerpt":{"rendered":"<p>Gentile Utente, la presente informativa descrive, ai sensi e per gli effetti dell\u2019art. 13 del Regolamento UE 2016\/679 (General Data Protection Regulation, di seguito GDPR), le modalit\u00e0 con cui ARTES 4.0 \u2013 nella qualit\u00e0 di Titolare del trattamento \u2013 tratta i dati forniti dall\u2019Utente mediante il sito web www.artes4.it. Il trattamento dei dati personali sar\u00e0 [&hellip;]<\/p>\n","protected":false},"author":1,"featured_media":0,"parent":0,"menu_order":0,"comment_status":"closed","ping_status":"closed","template":"","meta":{"_acf_changed":false,"footnotes":""},"class_list":["post-3","page","type-page","status-publish","hentry"],"acf":[],"yoast_head":"<!-- This site is optimized with the Yoast SEO plugin v23.0 - https:\/\/yoast.com\/wordpress\/plugins\/seo\/ -->\n<title>Privacy Policy - Artes 5<\/title>\n<meta name=\"robots\" content=\"noindex, follow, max-snippet:-1, max-image-preview:large, max-video-preview:-1\" \/>\n<meta property=\"og:locale\" content=\"it_IT\" \/>\n<meta property=\"og:type\" content=\"article\" \/>\n<meta property=\"og:title\" content=\"Privacy Policy - Artes 5\" \/>\n<meta property=\"og:description\" content=\"Gentile Utente, la presente informativa descrive, ai sensi e per gli effetti dell\u2019art. 13 del Regolamento UE 2016\/679 (General Data Protection Regulation, di seguito GDPR), le modalit\u00e0 con cui ARTES 4.0 \u2013 nella qualit\u00e0 di Titolare del trattamento \u2013 tratta i dati forniti dall\u2019Utente mediante il sito web www.artes4.it. Il trattamento dei dati personali sar\u00e0 [&hellip;]\" \/>\n<meta property=\"og:url\" content=\"https:\/\/artes5.it\/it\/privacy-policy\/\" \/>\n<meta property=\"og:site_name\" content=\"Artes 5\" \/>\n<meta property=\"article:modified_time\" content=\"2024-08-30T11:54:09+00:00\" \/>\n<meta name=\"twitter:card\" content=\"summary_large_image\" \/>\n<meta name=\"twitter:label1\" content=\"Tempo di lettura stimato\" \/>\n\t<meta name=\"twitter:data1\" content=\"11 minuti\" \/>\n<script type=\"application\/ld+json\" class=\"yoast-schema-graph\">{\"@context\":\"https:\/\/schema.org\",\"@graph\":[{\"@type\":\"WebPage\",\"@id\":\"https:\/\/artes5.it\/it\/privacy-policy\/\",\"url\":\"https:\/\/artes5.it\/it\/privacy-policy\/\",\"name\":\"Privacy Policy - Artes 5\",\"isPartOf\":{\"@id\":\"https:\/\/artes5.it\/it\/#website\"},\"datePublished\":\"2024-01-10T16:38:34+00:00\",\"dateModified\":\"2024-08-30T11:54:09+00:00\",\"breadcrumb\":{\"@id\":\"https:\/\/artes5.it\/it\/privacy-policy\/#breadcrumb\"},\"inLanguage\":\"it-IT\",\"potentialAction\":[{\"@type\":\"ReadAction\",\"target\":[\"https:\/\/artes5.it\/it\/privacy-policy\/\"]}]},{\"@type\":\"BreadcrumbList\",\"@id\":\"https:\/\/artes5.it\/it\/privacy-policy\/#breadcrumb\",\"itemListElement\":[{\"@type\":\"ListItem\",\"position\":1,\"name\":\"Home\",\"item\":\"https:\/\/artes5.it\/it\/\"},{\"@type\":\"ListItem\",\"position\":2,\"name\":\"Privacy Policy\"}]},{\"@type\":\"WebSite\",\"@id\":\"https:\/\/artes5.it\/it\/#website\",\"url\":\"https:\/\/artes5.it\/it\/\",\"name\":\"Artes 5\",\"description\":\"\",\"potentialAction\":[{\"@type\":\"SearchAction\",\"target\":{\"@type\":\"EntryPoint\",\"urlTemplate\":\"https:\/\/artes5.it\/it\/?s={search_term_string}\"},\"query-input\":\"required name=search_term_string\"}],\"inLanguage\":\"it-IT\"}]}<\/script>\n<!-- \/ Yoast SEO plugin. -->","yoast_head_json":{"title":"Privacy Policy - Artes 5","robots":{"index":"noindex","follow":"follow","max-snippet":"max-snippet:-1","max-image-preview":"max-image-preview:large","max-video-preview":"max-video-preview:-1"},"og_locale":"it_IT","og_type":"article","og_title":"Privacy Policy - Artes 5","og_description":"Gentile Utente, la presente informativa descrive, ai sensi e per gli effetti dell\u2019art. 13 del Regolamento UE 2016\/679 (General Data Protection Regulation, di seguito GDPR), le modalit\u00e0 con cui ARTES 4.0 \u2013 nella qualit\u00e0 di Titolare del trattamento \u2013 tratta i dati forniti dall\u2019Utente mediante il sito web www.artes4.it. Il trattamento dei dati personali sar\u00e0 [&hellip;]","og_url":"https:\/\/artes5.it\/it\/privacy-policy\/","og_site_name":"Artes 5","article_modified_time":"2024-08-30T11:54:09+00:00","twitter_card":"summary_large_image","twitter_misc":{"Tempo di lettura stimato":"11 minuti"},"schema":{"@context":"https:\/\/schema.org","@graph":[{"@type":"WebPage","@id":"https:\/\/artes5.it\/it\/privacy-policy\/","url":"https:\/\/artes5.it\/it\/privacy-policy\/","name":"Privacy Policy - Artes 5","isPartOf":{"@id":"https:\/\/artes5.it\/it\/#website"},"datePublished":"2024-01-10T16:38:34+00:00","dateModified":"2024-08-30T11:54:09+00:00","breadcrumb":{"@id":"https:\/\/artes5.it\/it\/privacy-policy\/#breadcrumb"},"inLanguage":"it-IT","potentialAction":[{"@type":"ReadAction","target":["https:\/\/artes5.it\/it\/privacy-policy\/"]}]},{"@type":"BreadcrumbList","@id":"https:\/\/artes5.it\/it\/privacy-policy\/#breadcrumb","itemListElement":[{"@type":"ListItem","position":1,"name":"Home","item":"https:\/\/artes5.it\/it\/"},{"@type":"ListItem","position":2,"name":"Privacy Policy"}]},{"@type":"WebSite","@id":"https:\/\/artes5.it\/it\/#website","url":"https:\/\/artes5.it\/it\/","name":"Artes 5","description":"","potentialAction":[{"@type":"SearchAction","target":{"@type":"EntryPoint","urlTemplate":"https:\/\/artes5.it\/it\/?s={search_term_string}"},"query-input":"required name=search_term_string"}],"inLanguage":"it-IT"}]}},"_links":{"self":[{"href":"https:\/\/artes5.it\/it\/wp-json\/wp\/v2\/pages\/3","targetHints":{"allow":["GET"]}}],"collection":[{"href":"https:\/\/artes5.it\/it\/wp-json\/wp\/v2\/pages"}],"about":[{"href":"https:\/\/artes5.it\/it\/wp-json\/wp\/v2\/types\/page"}],"author":[{"embeddable":true,"href":"https:\/\/artes5.it\/it\/wp-json\/wp\/v2\/users\/1"}],"replies":[{"embeddable":true,"href":"https:\/\/artes5.it\/it\/wp-json\/wp\/v2\/comments?post=3"}],"version-history":[{"count":7,"href":"https:\/\/artes5.it\/it\/wp-json\/wp\/v2\/pages\/3\/revisions"}],"predecessor-version":[{"id":4881,"href":"https:\/\/artes5.it\/it\/wp-json\/wp\/v2\/pages\/3\/revisions\/4881"}],"wp:attachment":[{"href":"https:\/\/artes5.it\/it\/wp-json\/wp\/v2\/media?parent=3"}],"curies":[{"name":"wp","href":"https:\/\/api.w.org\/{rel}","templated":true}]}}