{"id":127,"date":"2024-01-22T18:12:37","date_gmt":"2024-01-22T17:12:37","guid":{"rendered":"https:\/\/artes5.it\/?page_id=127"},"modified":"2024-03-18T21:11:16","modified_gmt":"2024-03-18T20:11:16","slug":"cookie-policy","status":"publish","type":"page","link":"https:\/\/artes5.it\/it\/cookie-policy\/","title":{"rendered":"Cookie Policy"},"content":{"rendered":"<p>Gentile Utente,<\/p>\n<p>l\u2019Associazione ARTES 4.0 Advanced Robotics and enabling digital TEchnologies &amp; Systems 4.0, con sede legale in Viale Rinaldo Piaggio, 34 \u2013 56025 Pontedera (PI), in qualit\u00e0 di Titolare del trattamento, informa, in maniera chiara e trasparente, i visitatori del sito www.artes4.it (di seguito, anche il \u201csito\u201d) della tipologia di cookie utilizzati e delle finalit\u00e0 perseguite, fornendo le indicazioni per procedere alla selezione\/deselezione dei singoli cookie.<\/p>\n<p>&nbsp;<\/p>\n<p>Cosa sono i cookie e a cosa servono<\/p>\n<p>I cookie sono stringhe di testo di piccole dimensioni che il sito web invia al terminale dell\u2019Utente (solitamente al browser) dove vengono memorizzati per essere poi ritrasmessi allo stesso sito web alla successiva visita del medesimo Utente (c.d. cookie di prima parte). Si tratta, dunque, di uno strumento che assiste il Titolare nell\u2019erogazione del\u00a0servizio in base alle differenti finalit\u00e0 perseguite. Alcune di queste finalit\u00e0 potrebbero necessitare del consenso dell\u2019Utente; tale consenso pu\u00f2 essere revocato liberamente in ogni momento seguendo le istruzioni contenute in questo documento. Nel corso della navigazione sul sito, l\u2019Utente pu\u00f2 ricevere sul suo terminale anche cookie che vengono inviati da siti web differenti (c.d. cookie di terza parte) e ci\u00f2 accade perch\u00e9 sul sito web visitato possono essere presenti immagini, mappe, link ad altre pagine web ed altri elementi che risiedono su server diversi da quello su cui si trova la pagina richiesta.\u00a0 La responsabilit\u00e0 e la gestione dei cookie di prima parte \u00e8 assunta in modo diretto dal Titolare, mentre quella dei cookie di terza parte ricade sui rispettivi proprietari e gestori.<\/p>\n<p>&nbsp;<\/p>\n<p>Tipologie di cookie<\/p>\n<p>I cookie possono avere una durata limitata ad una singola sessione di navigazione (c.d. cookie di sessione) e disattivarsi automaticamente al momento della chiusura del browser, oppure possono avere una scadenza predeterminata (c.d. cookie permanenti) e restare attivi sino a tale momento, continuando quindi a raccogliere informazioni nel corso delle diverse sessioni di navigazione.\u00a0 Al fine di fornire una completa descrizione di detti dispositivi, \u00e8 necessario procedere ad ulteriori distinzioni fondate sulle\u00a0loro caratteristiche tecniche. Infatti, i cookie sono utilizzati per diverse funzioni: alcuni risultano necessari per consentire all\u2019Utente di navigare sul sito web e usufruire delle sue funzionalit\u00e0 (cookie tecnici); altri sono utilizzati per ottenere informazioni statistiche, in forma aggregata o meno, sul numero degli Utenti che accedono al sito e su come il sito viene utilizzato (c.d. cookie analytics); altri ancora sono utilizzati per tracciare il profilo del consumatore e\u00a0consentire allo stesso di visualizzare annunci pubblicitari coerenti con i gusti e le abitudini di consumo dell\u2019Utente (c.d. cookie di profilazione).<\/p>\n<p>&nbsp;<\/p>\n<p>Quali cookie sono utilizzati su questo sito e per quali finalit\u00e0<\/p>\n<p>Su questo sito sono attualmente utilizzate le seguenti tipologie di cookie:<\/p>\n<ul>\n<li>cookie tecnici, utilizzati per consentire il funzionamento e l\u2019esplorazione sicura ed efficiente del sito, salvare la sessione e svolgere altre attivit\u00e0 strettamente necessarie al funzionamento del sito, per salvare le preferenze ed ottimizzare l\u2019esperienza di navigazione dell\u2019Utente;<\/li>\n<li>cookie analitici di terze parti, utilizzati per raccogliere informazioni in forma aggregata sulla navigazione e ottimizzare la stessa. Non vengono direttamente installati n\u00e9 veicolati dal Titolare ma da soggetti terzi;<\/li>\n<li>cookie di profilazione di terze parti, utilizzati per tracciare la navigazione dell\u2019Utente al fine di profilarlo (per gusti, abitudini, scelte di consumo ecc.) e inviare pubblicit\u00e0 personalizzata.<\/li>\n<\/ul>\n<p>&nbsp;<\/p>\n<ul>\n<li>Google Analytics &gt; Cookies Tecnici &gt; Data Usage &gt; Google Inc<\/li>\n<li>Google Adwords conversion tracking &gt; Cookies Tecnici &gt; Data Usage &gt;Google Inc<\/li>\n<li>Linkedin conversion tracking per analytics &gt; Cookies Tecnici &gt; Data Usage &gt; Microsoft<\/li>\n<li>Hotjar Traking code &gt; Cookies Tecnici &gt; Data Usage &gt; Hotjar<\/li>\n<li>Adwords Remarketing\u00a0 Cookies Tecnici &gt; Profilazione per remarketing &gt; Google Inc<\/li>\n<li>Monitoraggio conversioni di Facebook Ads &gt;\u00a0 Cookies Tecnici &gt; Data Usage &gt; Facebook Inc<\/li>\n<li>Facebook Remarketing &gt; Cookies Tecnici &gt; Profilazione per remarketing &gt; Facebook Inc<\/li>\n<li>Hubspot &gt; Cookies Tecnici &gt; Data Usage &gt; Hubspot Inc<\/li>\n<li>Google Tag Manager &gt; Cookies Tecnici &gt; Data Usage &gt; Google Inc<\/li>\n<\/ul>\n<p>&nbsp;<\/p>\n<p>Google Analytics<\/p>\n<p>Google Analytics \u00e8 fornito da Google Inc. e utilizza cookie che vengono depositati sul computer dell\u2019Utente per consentire al sito web visitato di analizzare come gli Utenti lo utilizzano. Le informazioni generate dal cookie sull\u2019utilizzo del sito web visitato da parte dell\u2019Utente (compreso l\u2019indirizzo IP) verranno trasmesse a Google, il quale impiegher\u00e0 queste informazioni allo scopo di: tracciare ed esaminare l\u2019utilizzo del sito da parte dell\u2019Utente, compilare report sulle attivit\u00e0 per gli operatori del sito e fornire altri servizi relativi all\u2019utilizzo di Internet. Google pu\u00f2 anche trasferire queste informazioni a terzi ove ci\u00f2 sia imposto dalla legge o laddove tali terzi trattino le suddette informazioni per conto di Google. Google non assocer\u00e0 gli indirizzi IP dell\u2019Utente a nessun altro dato posseduto da Google. L\u2019Utente pu\u00f2, in qualsiasi momento, rifiutarsi di usare i cookie selezionando l\u2019impostazione appropriata sul proprio browser.\u00a0<a name=\"_Hlk31894796\"><\/a>Per consultare l\u2019informativa privacy di Google relativa al servizio Google Analytics si rinvia al sito<\/p>\n<p><a href=\"http:\/\/www.google.com\/intl\/en\/analytics\/privacyoverview.html\">http:\/\/www.google.com\/intl\/en\/analytics\/privacyoverview.html<\/a><\/p>\n<p>&nbsp;<\/p>\n<p>Google Tag Manager<\/p>\n<p>Google Tag Manager \u00e8 un servizio di statistica fornito da Google Inc.<\/p>\n<p>&nbsp;<\/p>\n<p>Monitoraggio conversioni di Google AdWords<\/p>\n<p>Il monitoraggio conversioni di Google AdWords \u00e8 un servizio di statistiche fornito da Google Inc. che collega i dati provenienti dal network di annunci Google AdWords con le azioni compiute all&#8217;interno di questo sito.<\/p>\n<p>&nbsp;<\/p>\n<p>AdWords Remarketing<\/p>\n<p>AdWords Remarketing \u00e8 un servizio di remarketing e behavioral targeting fornito da Google Inc. che collega l&#8217;attivit\u00e0 di questo sito con il network di advertising Adwords ed il CookieDoubleclick.<\/p>\n<p>&nbsp;<\/p>\n<p>Monitoraggio conversioni di Facebook Ads<\/p>\n<p>Il monitoraggio conversioni di Facebook Ads \u00e8 un servizio di statistiche fornito da Facebook, Inc. che collega i dati provenienti dal network di annunci Facebook con le azioni compiute all&#8217;interno di questo sito.<\/p>\n<p>&nbsp;<\/p>\n<p>Facebook Remarketing<\/p>\n<p>Facebook Remarketing \u00e8 un servizio di remarketing e behavioral targeting fornito da Facebook, Inc. che collega l&#8217;attivit\u00e0 di questo sito con il network di advertising Facebook.<\/p>\n<p>&nbsp;<\/p>\n<p>ReCAPTCHA<\/p>\n<p>Il sito \u00e8 protetto dal codice per la sicurezza informatica ReCAPTCHA sviluppato da Google Inc. Per maggiori informazioni si invita a consultare la relativa privacy policy\u00a0<a href=\"https:\/\/policies.google.com\/privacy?hl=it\">https:\/\/policies.google.com\/privacy?hl=it<\/a><\/p>\n<p>&nbsp;<\/p>\n<p>Social Buttons<\/p>\n<p>Sul sito sono presenti dei widgets (\u201csocial buttons\u201d) che raffigurano le icone di alcuni social network. Detti \u201cbuttons\u201d consentono agli Utenti che stanno navigando sul sito di interagire con un \u201cclick\u201d direttamente con i social network ivi raffigurati. In tal caso il social network acquisisce i dati relativi alla visita. I siti di parti terze a cui \u00e8 possibile accedere non sono coperti della presente informativa. Per consultare le Privacy Policy di questi social media, l\u2019Utente \u00e8 invitato a visitare le relative pagine:<\/p>\n<p>Facebook:\u00a0<a href=\"https:\/\/facebook.com\/about\/privacy\">https:\/\/facebook.com\/about\/privacy<\/a><\/p>\n<p>LinkedIn\u00a0:\u00a0<a href=\"https:\/\/www.linkedin.com\/legal\/privacy-policy\">https:\/\/www.linkedin.com\/legal\/privacy-policy<\/a><\/p>\n<p>&nbsp;<\/p>\n<p>Come disabilitare i cookie<\/p>\n<p>Questo sito utilizza Cookiebot. Al primo accesso l\u2019Utente pu\u00f2 selezionare attraverso l\u2019apposito banner le tipologie di cookie a cui desidera prestare il consenso. I cookie necessari sono installati in automatico e non necessitano del consenso dell\u2019Utente.<\/p>\n<p>Ad ogni modo, l\u2019Utente pu\u00f2 decidere se accettare o meno i cookie direttamente utilizzando le impostazioni del proprio browser ed impedire \u2013 ad esempio \u2013 che terze parti possano installarne. Tramite le preferenze del browser \u00e8 inoltre possibile eliminare i cookie installati in passato, incluso il cookie in cui venga eventualmente salvato il consenso all\u2019installazione di cookie da parte di questo sito.<\/p>\n<p>L\u2019Utente pu\u00f2 trovare informazioni su come gestire i cookie direttamente sul browser in uso seguendo le procedure descritte ai seguenti indirizzi:<\/p>\n<p><a href=\"https:\/\/support.google.com\/chrome\/answer\/95647?hl=it&amp;p=cpn_cookies\">Google Chrome<\/a>,\u00a0<a href=\"https:\/\/support.mozilla.org\/it\/kb\/Attivare%20e%20disattivare%20i%20cookie\">Mozilla Firefox<\/a>,\u00a0<a href=\"https:\/\/support.apple.com\/kb\/PH19214?viewlocale=it_IT&amp;locale=en_US\">Apple Safari<\/a>,\u00a0<a href=\"http:\/\/windows.microsoft.com\/it-it\/windows-vista\/block-or-allow-cookies\">Microsoft Windows Explorer<\/a>,\u00a0<a href=\"http:\/\/help.opera.com\/Windows\/10.00\/it\/cookies.html\">Opera<\/a>\u00a0ecc.<\/p>\n<p>Per ulteriori informazioni sui cookie \u00e8 possibile collegarsi al sito\u00a0<a href=\"http:\/\/www.youronlinechoices.com\/\">www.youronlinechoices.com<\/a>\u00a0 (limitatamente ai servizi censiti da tale piattaforma), per ottenere informazioni su come eliminare o gestire i cookie in base al browser utilizzato e per impostare le preferenze di utilizzo di quelli di terze parti.<\/p>\n<p>Si informa che la disabilitazione dei cookie tecnici da parte dell\u2019Utente non garantisce la corretta navigazione all\u2019interno del sito in quanto alcune caratteristiche e funzionalit\u00e0 potrebbero essere compromesse.<\/p>\n<p>Per disabilitare Google Analytics l\u2019Utente pu\u00f2 cliccare su\u202fhttps:\/\/tools.google.com\/dlpage\/gaoptout?hl=it oppure sul seguente link per ottenere maggiori informazioni https:\/\/support.google.com\/analytics\/answer\/6004245?hl=t<\/p>\n<p>&nbsp;<\/p>\n<p>Diritti<\/p>\n<p>L\u2019Utente pu\u00f2 esercitare in qualunque momento i diritti di cui agli artt. 15 e ss. Reg. UE 679\/2016 e, in particolare, ottenere la conferma dell&#8217;esistenza o meno dei medesimi dati e la conferma che sia o meno in corso un trattamento degli stessi, conoscerne il contenuto e l&#8217;origine, verificarne l&#8217;esattezza o chiederne l&#8217;integrazione, l&#8217;aggiornamento o la rettifica. Inoltre, potr\u00e0 chiedere e ottenere la portabilit\u00e0 dei dati, la cancellazione, la trasformazione in forma anonima, la limitazione del trattamento o il blocco dei dati trattati in violazione di legge, nonch\u00e9 opporsi, per motivi legittimi, al loro trattamento. In ogni caso, l\u2019Utente potr\u00e0 esercitare reclamo all&#8217;Autorit\u00e0 di controllo.<\/p>\n<p>Le richieste devono essere inviate al Titolare all\u2019indirizzo e-mail privacy@artes4.it<\/p>\n","protected":false},"excerpt":{"rendered":"<p>Gentile Utente, l\u2019Associazione ARTES 4.0 Advanced Robotics and enabling digital TEchnologies &amp; Systems 4.0, con sede legale in Viale Rinaldo Piaggio, 34 \u2013 56025 Pontedera (PI), in qualit\u00e0 di Titolare del trattamento, informa, in maniera chiara e trasparente, i visitatori del sito www.artes4.it (di seguito, anche il \u201csito\u201d) della tipologia di cookie utilizzati e delle [&hellip;]<\/p>\n","protected":false},"author":1,"featured_media":0,"parent":0,"menu_order":0,"comment_status":"closed","ping_status":"closed","template":"","meta":{"_acf_changed":false,"footnotes":""},"class_list":["post-127","page","type-page","status-publish","hentry"],"acf":[],"yoast_head":"<!-- This site is optimized with the Yoast SEO plugin v23.0 - https:\/\/yoast.com\/wordpress\/plugins\/seo\/ -->\n<title>Cookie Policy - Artes 5<\/title>\n<meta name=\"robots\" content=\"noindex, follow, max-snippet:-1, max-image-preview:large, max-video-preview:-1\" \/>\n<meta property=\"og:locale\" content=\"it_IT\" \/>\n<meta property=\"og:type\" content=\"article\" \/>\n<meta property=\"og:title\" content=\"Cookie Policy - Artes 5\" \/>\n<meta property=\"og:description\" content=\"Gentile Utente, l\u2019Associazione ARTES 4.0 Advanced Robotics and enabling digital TEchnologies &amp; Systems 4.0, con sede legale in Viale Rinaldo Piaggio, 34 \u2013 56025 Pontedera (PI), in qualit\u00e0 di Titolare del trattamento, informa, in maniera chiara e trasparente, i visitatori del sito www.artes4.it (di seguito, anche il \u201csito\u201d) della tipologia di cookie utilizzati e delle [&hellip;]\" \/>\n<meta property=\"og:url\" content=\"https:\/\/artes5.it\/it\/cookie-policy\/\" \/>\n<meta property=\"og:site_name\" content=\"Artes 5\" \/>\n<meta property=\"article:modified_time\" content=\"2024-03-18T20:11:16+00:00\" \/>\n<meta name=\"twitter:card\" content=\"summary_large_image\" \/>\n<meta name=\"twitter:label1\" content=\"Tempo di lettura stimato\" \/>\n\t<meta name=\"twitter:data1\" content=\"8 minuti\" \/>\n<script type=\"application\/ld+json\" class=\"yoast-schema-graph\">{\"@context\":\"https:\/\/schema.org\",\"@graph\":[{\"@type\":\"WebPage\",\"@id\":\"https:\/\/artes5.it\/it\/cookie-policy\/\",\"url\":\"https:\/\/artes5.it\/it\/cookie-policy\/\",\"name\":\"Cookie Policy - Artes 5\",\"isPartOf\":{\"@id\":\"https:\/\/artes5.it\/it\/#website\"},\"datePublished\":\"2024-01-22T17:12:37+00:00\",\"dateModified\":\"2024-03-18T20:11:16+00:00\",\"breadcrumb\":{\"@id\":\"https:\/\/artes5.it\/it\/cookie-policy\/#breadcrumb\"},\"inLanguage\":\"it-IT\",\"potentialAction\":[{\"@type\":\"ReadAction\",\"target\":[\"https:\/\/artes5.it\/it\/cookie-policy\/\"]}]},{\"@type\":\"BreadcrumbList\",\"@id\":\"https:\/\/artes5.it\/it\/cookie-policy\/#breadcrumb\",\"itemListElement\":[{\"@type\":\"ListItem\",\"position\":1,\"name\":\"Home\",\"item\":\"https:\/\/artes5.it\/it\/\"},{\"@type\":\"ListItem\",\"position\":2,\"name\":\"Cookie Policy\"}]},{\"@type\":\"WebSite\",\"@id\":\"https:\/\/artes5.it\/it\/#website\",\"url\":\"https:\/\/artes5.it\/it\/\",\"name\":\"Artes 5\",\"description\":\"\",\"potentialAction\":[{\"@type\":\"SearchAction\",\"target\":{\"@type\":\"EntryPoint\",\"urlTemplate\":\"https:\/\/artes5.it\/it\/?s={search_term_string}\"},\"query-input\":\"required name=search_term_string\"}],\"inLanguage\":\"it-IT\"}]}<\/script>\n<!-- \/ Yoast SEO plugin. -->","yoast_head_json":{"title":"Cookie Policy - Artes 5","robots":{"index":"noindex","follow":"follow","max-snippet":"max-snippet:-1","max-image-preview":"max-image-preview:large","max-video-preview":"max-video-preview:-1"},"og_locale":"it_IT","og_type":"article","og_title":"Cookie Policy - Artes 5","og_description":"Gentile Utente, l\u2019Associazione ARTES 4.0 Advanced Robotics and enabling digital TEchnologies &amp; Systems 4.0, con sede legale in Viale Rinaldo Piaggio, 34 \u2013 56025 Pontedera (PI), in qualit\u00e0 di Titolare del trattamento, informa, in maniera chiara e trasparente, i visitatori del sito www.artes4.it (di seguito, anche il \u201csito\u201d) della tipologia di cookie utilizzati e delle [&hellip;]","og_url":"https:\/\/artes5.it\/it\/cookie-policy\/","og_site_name":"Artes 5","article_modified_time":"2024-03-18T20:11:16+00:00","twitter_card":"summary_large_image","twitter_misc":{"Tempo di lettura stimato":"8 minuti"},"schema":{"@context":"https:\/\/schema.org","@graph":[{"@type":"WebPage","@id":"https:\/\/artes5.it\/it\/cookie-policy\/","url":"https:\/\/artes5.it\/it\/cookie-policy\/","name":"Cookie Policy - Artes 5","isPartOf":{"@id":"https:\/\/artes5.it\/it\/#website"},"datePublished":"2024-01-22T17:12:37+00:00","dateModified":"2024-03-18T20:11:16+00:00","breadcrumb":{"@id":"https:\/\/artes5.it\/it\/cookie-policy\/#breadcrumb"},"inLanguage":"it-IT","potentialAction":[{"@type":"ReadAction","target":["https:\/\/artes5.it\/it\/cookie-policy\/"]}]},{"@type":"BreadcrumbList","@id":"https:\/\/artes5.it\/it\/cookie-policy\/#breadcrumb","itemListElement":[{"@type":"ListItem","position":1,"name":"Home","item":"https:\/\/artes5.it\/it\/"},{"@type":"ListItem","position":2,"name":"Cookie Policy"}]},{"@type":"WebSite","@id":"https:\/\/artes5.it\/it\/#website","url":"https:\/\/artes5.it\/it\/","name":"Artes 5","description":"","potentialAction":[{"@type":"SearchAction","target":{"@type":"EntryPoint","urlTemplate":"https:\/\/artes5.it\/it\/?s={search_term_string}"},"query-input":"required name=search_term_string"}],"inLanguage":"it-IT"}]}},"_links":{"self":[{"href":"https:\/\/artes5.it\/it\/wp-json\/wp\/v2\/pages\/127","targetHints":{"allow":["GET"]}}],"collection":[{"href":"https:\/\/artes5.it\/it\/wp-json\/wp\/v2\/pages"}],"about":[{"href":"https:\/\/artes5.it\/it\/wp-json\/wp\/v2\/types\/page"}],"author":[{"embeddable":true,"href":"https:\/\/artes5.it\/it\/wp-json\/wp\/v2\/users\/1"}],"replies":[{"embeddable":true,"href":"https:\/\/artes5.it\/it\/wp-json\/wp\/v2\/comments?post=127"}],"version-history":[{"count":5,"href":"https:\/\/artes5.it\/it\/wp-json\/wp\/v2\/pages\/127\/revisions"}],"predecessor-version":[{"id":2459,"href":"https:\/\/artes5.it\/it\/wp-json\/wp\/v2\/pages\/127\/revisions\/2459"}],"wp:attachment":[{"href":"https:\/\/artes5.it\/it\/wp-json\/wp\/v2\/media?parent=127"}],"curies":[{"name":"wp","href":"https:\/\/api.w.org\/{rel}","templated":true}]}}